{"id":18410,"date":"2020-06-24T15:07:24","date_gmt":"2020-06-24T15:07:24","guid":{"rendered":"https:\/\/www.vanoni.it\/privacy\/"},"modified":"2020-06-29T07:54:26","modified_gmt":"2020-06-29T07:54:26","slug":"privacy","status":"publish","type":"page","link":"https:\/\/www.vanoni.it\/zh-hant\/privacy\/","title":{"rendered":"Privacy"},"content":{"rendered":"<section class=\"l-section wpb_row us_custom_22d82b85 height_auto width_full\" id=\"azienda_banner\"><div class=\"l-section-h i-cf\"><div class=\"g-cols vc_row via_flex valign_top type_default stacking_default\"><div class=\"vc_col-sm-12 wpb_column vc_column_container\"><div class=\"vc_column-inner\"><div class=\"wpb_wrapper\"><div class=\"w-image us_custom_f26ed0b4 align_none\"><div class=\"w-image-h\"><img decoding=\"async\" width=\"1920\" height=\"400\" src=\"https:\/\/www.vanoni.it\/wp-content\/uploads\/2020\/06\/Vanoni_azienda_banner.jpg\" class=\"attachment-full size-full\" alt=\"\" loading=\"lazy\" srcset=\"https:\/\/www.vanoni.it\/wp-content\/uploads\/2020\/06\/Vanoni_azienda_banner.jpg 1920w, https:\/\/www.vanoni.it\/wp-content\/uploads\/2020\/06\/Vanoni_azienda_banner-600x125.jpg 600w, https:\/\/www.vanoni.it\/wp-content\/uploads\/2020\/06\/Vanoni_azienda_banner-300x63.jpg 300w, https:\/\/www.vanoni.it\/wp-content\/uploads\/2020\/06\/Vanoni_azienda_banner-1024x213.jpg 1024w, https:\/\/www.vanoni.it\/wp-content\/uploads\/2020\/06\/Vanoni_azienda_banner-1536x320.jpg 1536w\" sizes=\"auto, (max-width: 1920px) 100vw, 1920px\" \/><\/div><\/div><\/div><\/div><\/div><\/div><\/div><\/section><section class=\"l-section wpb_row height_auto\"><div class=\"l-section-h i-cf\"><div class=\"g-cols vc_row via_flex valign_top type_default stacking_default\"><div class=\"vc_col-sm-12 wpb_column vc_column_container\"><div class=\"vc_column-inner\"><div class=\"wpb_wrapper\"><div class=\"wpb_text_column us_custom_359922d6\"><div class=\"wpb_wrapper\"><h1 style=\"font-size: 60px; line-height: 90px; font-weight: 600;\">PRIVACY POLICY<\/h1>\n<\/div><\/div><\/div><\/div><\/div><\/div><\/div><\/section><section class=\"l-section wpb_row height_custom\"><div class=\"l-section-h i-cf\"><div class=\"g-cols vc_row via_flex valign_top type_default stacking_default\"><div class=\"vc_col-sm-12 wpb_column vc_column_container\"><div class=\"vc_column-inner\"><div class=\"wpb_wrapper\"><div class=\"wpb_text_column\"><div class=\"wpb_wrapper\"><p>Decreto Legislativo 30 giugno 2003, n. 196 \u201cCodice in materia di protezione dei dati personali\u201d<\/p>\n<p>Avendo ricevuto esaustiva informativa ai sensi dell\u2019articolo 13 del D. Lgs 196\/2003 e successive modifiche, ed essendo a conoscenza in particolare che:<\/p>\n<ul>\n<li><strong>Ricamificio Vittorio Vanoni srl <\/strong>effettuer\u00e0 il trattamento dei dati personali, nel rispetto della normativa in tema di trattamento dei dati personali e degli obblighi di riservatezza ivi previsti;<\/li>\n<li>I dati personali trattati sono essenzialmente dati identificativi quali ad esempio dati anagrafici, telefono, fax e e-mail. \u00c8 fatto divieto all\u2019utente di fornire in qualsiasi forma dati sensibili di cui all\u2019articolo 4, comma I, lett. d) del D. Lgs. 196\/2003 \u2013 ovvero di dati personali idonei a rilevare l\u2019origine razziale ed etnica, le convinzioni religiose, filosofiche o di altro genere, le opinioni politiche, l\u2019adesione a partiti, sindacati, associazioni od organizzazioni a carattere religioso, filosofico, politico o sindacale, nonch\u00e9 i dati personali idonei a rilevare lo stato di salute e la vita sessuale \u2013 in quanto l\u2019apposito form on line \u00e8 preposto unicamente alla richiesta informazioni sui servizi offerti da <strong>Ricamificio Vittorio Vanoni srl<\/strong>;<\/li>\n<li>Il trattamento dei dati \u00e8 finalizzato a fornire le informazioni sui servizi offerti richieste attraverso il form on line presente sul sito https:\/\/www.vanoni.it<\/li>\n<li>Il conferimento dei dati anagrafici o nome azienda ed e-mail ed il relativo trattamento sono funzionali all\u2019esecuzione del servizio offerto da <strong>Ricamificio Vittorio Vanoni srl.<\/strong>\u00a0Il mancato conferimento di detti dati comporter\u00e0 l\u2019impossibilit\u00e0 di erogazione del servizio richiesto;<\/li>\n<li>Senza il consenso del sottoscritto di cui al PUNTO 1 non sar\u00e0 possibile richiedere informazioni a <strong>Ricamificio Vittorio Vanoni srl<\/strong>;<\/li>\n<li>Il trattamento sar\u00e0 effettuato manualmente e\/o in forma automatizzata a seconda delle esigenze di volta in volta riscontrate;<\/li>\n<li>I dati personali potranno essere comunicati a tutti gli altri soggetti, interni ed esterni a <strong>Ricamificio Vittorio Vanoni srl<\/strong>, competenti per lo svolgimento, anche in parte, di attivit\u00e0 inerenti alla gestione del form on line preposto all\u2019indicazione di informazioni sui servizi offerti;<\/li>\n<li>I dati personali, inoltre, potranno essere comunicati alle seguenti categorie di soggetti: a) dipendenti e collaboratori incaricati del trattamento per la gestione delle pratiche relative al servizio di informazioni richiesto; b) Autorit\u00e0 o amministrazioni pubbliche per l\u2019adempimento di ogni obbligo di legge;<\/li>\n<li>In qualit\u00e0 di interessato, per esercitare i diritti che Le sono attribuiti dall\u2019articolo 7 del D. Lgs. 196\/2003, consultabile al link http:\/\/www.garanteprivacy.it\/garante\/navig\/jsp\/index.jsp, potr\u00e0 rivolgersi al Titolare del trattamento;<\/li>\n<li>Titolare del Trattamento dei dati \u00e8 <strong>Ricamificio Vittorio Vanoni srl<\/strong>,Via Pegoraro, 6 &#8211; 21013 Gallarate (VA) \u2013 ITALIA;<\/li>\n<\/ul>\n<p>&nbsp;<\/p>\n<p>presta il proprio CONSENSO ai sensi dell\u2019art. 23 del D. Lgs 196\/2003, al trattamento dei propri dati personali, con le modalit\u00e0 sopra indicate, ed in particolare: ad ogni attivit\u00e0 di trattamento necessaria per lo svolgimento delle attivit\u00e0 legate al corretto adempimento delle richieste di informazioni da parte degli utenti del sito https:\/\/www.vanoni.it Art. 7. D. Lgs. 196\/2003 \u201cDiritto di accesso ai dati personali ed altri diritti.<\/p>\n<p>1. L\u2019interessato ha diritto di ottenere la conferma dell\u2019esistenza o meno di dati personali che lo riguardano, anche se non ancora registrati, e la loro comunicazione in forma intelligibile.<\/p>\n<p>2. L\u2019interessato ha diritto di ottenere l\u2019indicazione:<\/p>\n<ul>\n<li>a) dell\u2019origine dei dati personali;<\/li>\n<li>b) delle finalit\u00e0 e modalit\u00e0 del trattamento;<\/li>\n<li>c) della logica applicata in caso di trattamento effettuato con l\u2019auslio di strumenti elettronici;<\/li>\n<li>d) degli estremi identificativi del titolare, dei responsabili e del rappresentante designato ai sensi dell\u2019articolo 5, comma 2;<\/li>\n<li>e) dei soggetti o delle categorie di soggetti ai quali i dati personali possono essere comunicati o che possono venirne a conoscenza in qualit\u00e0 di rappresentante designato nel territorio dello Stato, di responsabili o incaricati.<\/li>\n<\/ul>\n<p>3. L\u2019interessato ha diritto di ottenere:<\/p>\n<ul>\n<li>a) l\u2019aggiornamento, la rettificazione ovvero, quando vi ha interesse, l\u2019integrazione dei dati;<\/li>\n<li>b) la cancellazione, la trasformazione in forma anonima o il blocco dei dati trattati in violazione di legge, compresi quelli di cui non \u00e8 necessaria la conservazione in relazione agli scopi per i quali i dati sono stati raccolti o successivamente trattati;<\/li>\n<li>c) l\u2019attestazione che le operazioni di cui alle lettere a) e b) sono state portate a conoscenza, anche per quanto riguarda il loro contenuto, di coloro ai quali i dati sono stati comunicati o diffusi, eccettuato il caso in cui tale adempimento si rivela impossibile o comporta un impiego di mezzi manifestamente sproporzionato rispetto al diritto tutelato.<\/li>\n<\/ul>\n<p>4. L\u2019interessato ha diritto di opporsi, in tutto o in parte:<\/p>\n<ul>\n<li>a) per motivi legittimi al trattamento dei dati personali che lo riguardano, ancorch\u00e9 pertinenti allo scopo della raccolta;<\/li>\n<li>b) al trattamento di dati personali che lo riguardano a fini di invio di materiale pubblicitario o di vendita diretta o per il compimento di ricerche di mercato o di comunicazione commerciale.<\/li>\n<\/ul>\n<\/div><\/div><\/div><\/div><\/div><\/div><\/div><\/section>\n","protected":false},"excerpt":{"rendered":"PRIVACY POLICY Decreto Legislativo 30 giugno 2003, n. 1...","protected":false},"author":1,"featured_media":0,"parent":0,"menu_order":0,"comment_status":"closed","ping_status":"closed","template":"","meta":{"_acf_changed":false,"inline_featured_image":false,"footnotes":""},"class_list":["post-18410","page","type-page","status-publish","hentry"],"acf":[],"yoast_head":"<!-- This site is optimized with the Yoast SEO plugin v27.4 - https:\/\/yoast.com\/product\/yoast-seo-wordpress\/ -->\n<title>Privacy - Ricamificio<\/title>\n<meta name=\"robots\" content=\"index, follow, max-snippet:-1, max-image-preview:large, max-video-preview:-1\" \/>\n<link rel=\"canonical\" href=\"https:\/\/www.vanoni.it\/zh-hant\/privacy\/\" \/>\n<meta property=\"og:locale\" content=\"zh_TW\" \/>\n<meta property=\"og:type\" content=\"article\" \/>\n<meta property=\"og:title\" content=\"Privacy - Ricamificio\" \/>\n<meta property=\"og:url\" content=\"https:\/\/www.vanoni.it\/zh-hant\/privacy\/\" \/>\n<meta property=\"og:site_name\" content=\"Ricamificio\" \/>\n<meta property=\"article:modified_time\" content=\"2020-06-29T07:54:26+00:00\" \/>\n<meta name=\"twitter:card\" content=\"summary_large_image\" \/>\n<meta name=\"twitter:label1\" content=\"\u9810\u4f30\u95b1\u8b80\u6642\u9593\" \/>\n\t<meta name=\"twitter:data1\" content=\"5 \u5206\u9418\" \/>\n<script type=\"application\/ld+json\" class=\"yoast-schema-graph\">{\"@context\":\"https:\\\/\\\/schema.org\",\"@graph\":[{\"@type\":\"WebPage\",\"@id\":\"https:\\\/\\\/www.vanoni.it\\\/zh-hant\\\/privacy\\\/\",\"url\":\"https:\\\/\\\/www.vanoni.it\\\/zh-hant\\\/privacy\\\/\",\"name\":\"Privacy - Ricamificio\",\"isPartOf\":{\"@id\":\"https:\\\/\\\/www.vanoni.it\\\/zh-hant\\\/#website\"},\"datePublished\":\"2020-06-24T15:07:24+00:00\",\"dateModified\":\"2020-06-29T07:54:26+00:00\",\"breadcrumb\":{\"@id\":\"https:\\\/\\\/www.vanoni.it\\\/zh-hant\\\/privacy\\\/#breadcrumb\"},\"inLanguage\":\"zh-TW\",\"potentialAction\":[{\"@type\":\"ReadAction\",\"target\":[\"https:\\\/\\\/www.vanoni.it\\\/zh-hant\\\/privacy\\\/\"]}]},{\"@type\":\"BreadcrumbList\",\"@id\":\"https:\\\/\\\/www.vanoni.it\\\/zh-hant\\\/privacy\\\/#breadcrumb\",\"itemListElement\":[{\"@type\":\"ListItem\",\"position\":1,\"name\":\"Home\",\"item\":\"https:\\\/\\\/www.vanoni.it\\\/zh-hant\\\/\"},{\"@type\":\"ListItem\",\"position\":2,\"name\":\"Privacy\"}]},{\"@type\":\"WebSite\",\"@id\":\"https:\\\/\\\/www.vanoni.it\\\/zh-hant\\\/#website\",\"url\":\"https:\\\/\\\/www.vanoni.it\\\/zh-hant\\\/\",\"name\":\"Ricamificio\",\"description\":\"Vittorio Vanoni\",\"publisher\":{\"@id\":\"https:\\\/\\\/www.vanoni.it\\\/zh-hant\\\/#organization\"},\"potentialAction\":[{\"@type\":\"SearchAction\",\"target\":{\"@type\":\"EntryPoint\",\"urlTemplate\":\"https:\\\/\\\/www.vanoni.it\\\/zh-hant\\\/?s={search_term_string}\"},\"query-input\":{\"@type\":\"PropertyValueSpecification\",\"valueRequired\":true,\"valueName\":\"search_term_string\"}}],\"inLanguage\":\"zh-TW\"},{\"@type\":\"Organization\",\"@id\":\"https:\\\/\\\/www.vanoni.it\\\/zh-hant\\\/#organization\",\"name\":\"Ricamificio Vittorio Vanoni\",\"url\":\"https:\\\/\\\/www.vanoni.it\\\/zh-hant\\\/\",\"logo\":{\"@type\":\"ImageObject\",\"inLanguage\":\"zh-TW\",\"@id\":\"https:\\\/\\\/www.vanoni.it\\\/zh-hant\\\/#\\\/schema\\\/logo\\\/image\\\/\",\"url\":\"https:\\\/\\\/www.vanoni.it\\\/wp-content\\\/uploads\\\/2020\\\/06\\\/Logo_Vanoni_Ricamificio.svg\",\"contentUrl\":\"https:\\\/\\\/www.vanoni.it\\\/wp-content\\\/uploads\\\/2020\\\/06\\\/Logo_Vanoni_Ricamificio.svg\",\"width\":\"1024\",\"height\":\"1024\",\"caption\":\"Ricamificio Vittorio Vanoni\"},\"image\":{\"@id\":\"https:\\\/\\\/www.vanoni.it\\\/zh-hant\\\/#\\\/schema\\\/logo\\\/image\\\/\"}}]}<\/script>\n<!-- \/ Yoast SEO plugin. -->","yoast_head_json":{"title":"Privacy - Ricamificio","robots":{"index":"index","follow":"follow","max-snippet":"max-snippet:-1","max-image-preview":"max-image-preview:large","max-video-preview":"max-video-preview:-1"},"canonical":"https:\/\/www.vanoni.it\/zh-hant\/privacy\/","og_locale":"zh_TW","og_type":"article","og_title":"Privacy - Ricamificio","og_url":"https:\/\/www.vanoni.it\/zh-hant\/privacy\/","og_site_name":"Ricamificio","article_modified_time":"2020-06-29T07:54:26+00:00","twitter_card":"summary_large_image","twitter_misc":{"\u9810\u4f30\u95b1\u8b80\u6642\u9593":"5 \u5206\u9418"},"schema":{"@context":"https:\/\/schema.org","@graph":[{"@type":"WebPage","@id":"https:\/\/www.vanoni.it\/zh-hant\/privacy\/","url":"https:\/\/www.vanoni.it\/zh-hant\/privacy\/","name":"Privacy - Ricamificio","isPartOf":{"@id":"https:\/\/www.vanoni.it\/zh-hant\/#website"},"datePublished":"2020-06-24T15:07:24+00:00","dateModified":"2020-06-29T07:54:26+00:00","breadcrumb":{"@id":"https:\/\/www.vanoni.it\/zh-hant\/privacy\/#breadcrumb"},"inLanguage":"zh-TW","potentialAction":[{"@type":"ReadAction","target":["https:\/\/www.vanoni.it\/zh-hant\/privacy\/"]}]},{"@type":"BreadcrumbList","@id":"https:\/\/www.vanoni.it\/zh-hant\/privacy\/#breadcrumb","itemListElement":[{"@type":"ListItem","position":1,"name":"Home","item":"https:\/\/www.vanoni.it\/zh-hant\/"},{"@type":"ListItem","position":2,"name":"Privacy"}]},{"@type":"WebSite","@id":"https:\/\/www.vanoni.it\/zh-hant\/#website","url":"https:\/\/www.vanoni.it\/zh-hant\/","name":"Ricamificio","description":"Vittorio Vanoni","publisher":{"@id":"https:\/\/www.vanoni.it\/zh-hant\/#organization"},"potentialAction":[{"@type":"SearchAction","target":{"@type":"EntryPoint","urlTemplate":"https:\/\/www.vanoni.it\/zh-hant\/?s={search_term_string}"},"query-input":{"@type":"PropertyValueSpecification","valueRequired":true,"valueName":"search_term_string"}}],"inLanguage":"zh-TW"},{"@type":"Organization","@id":"https:\/\/www.vanoni.it\/zh-hant\/#organization","name":"Ricamificio Vittorio Vanoni","url":"https:\/\/www.vanoni.it\/zh-hant\/","logo":{"@type":"ImageObject","inLanguage":"zh-TW","@id":"https:\/\/www.vanoni.it\/zh-hant\/#\/schema\/logo\/image\/","url":"https:\/\/www.vanoni.it\/wp-content\/uploads\/2020\/06\/Logo_Vanoni_Ricamificio.svg","contentUrl":"https:\/\/www.vanoni.it\/wp-content\/uploads\/2020\/06\/Logo_Vanoni_Ricamificio.svg","width":"1024","height":"1024","caption":"Ricamificio Vittorio Vanoni"},"image":{"@id":"https:\/\/www.vanoni.it\/zh-hant\/#\/schema\/logo\/image\/"}}]}},"_links":{"self":[{"href":"https:\/\/www.vanoni.it\/zh-hant\/wp-json\/wp\/v2\/pages\/18410","targetHints":{"allow":["GET"]}}],"collection":[{"href":"https:\/\/www.vanoni.it\/zh-hant\/wp-json\/wp\/v2\/pages"}],"about":[{"href":"https:\/\/www.vanoni.it\/zh-hant\/wp-json\/wp\/v2\/types\/page"}],"author":[{"embeddable":true,"href":"https:\/\/www.vanoni.it\/zh-hant\/wp-json\/wp\/v2\/users\/1"}],"replies":[{"embeddable":true,"href":"https:\/\/www.vanoni.it\/zh-hant\/wp-json\/wp\/v2\/comments?post=18410"}],"version-history":[{"count":2,"href":"https:\/\/www.vanoni.it\/zh-hant\/wp-json\/wp\/v2\/pages\/18410\/revisions"}],"predecessor-version":[{"id":18458,"href":"https:\/\/www.vanoni.it\/zh-hant\/wp-json\/wp\/v2\/pages\/18410\/revisions\/18458"}],"wp:attachment":[{"href":"https:\/\/www.vanoni.it\/zh-hant\/wp-json\/wp\/v2\/media?parent=18410"}],"curies":[{"name":"wp","href":"https:\/\/api.w.org\/{rel}","templated":true}]}}